{"id":42,"date":"2018-01-16T13:55:59","date_gmt":"2018-01-16T04:55:59","guid":{"rendered":"https:\/\/navi.city.chichibu.lg.jp\/travel\/?page_id=42"},"modified":"2018-09-27T17:15:11","modified_gmt":"2018-09-27T08:15:11","slug":"access","status":"publish","type":"page","link":"https:\/\/navi.city.chichibu.lg.jp\/travel\/fr\/access\/","title":{"rendered":"Acc\u00e8s"},"content":{"rendered":"<p><\/p>\n<section class=\"box-section\">\n<h3 class=\"cap-subhead\">En train<\/h3>\n<div class=\"container-fluid\">\n<p class=\"text-center\">\n\t\t\t<a href=\"https:\/\/navi.city.chichibu.lg.jp\/travel\/wp-content\/themes\/cmtg\/images\/access\/fr_img_train.jpg\" target=\"_blank\"><img decoding=\"async\" src=\"https:\/\/navi.city.chichibu.lg.jp\/travel\/wp-content\/themes\/cmtg\/images\/access\/fr_img_train.jpg\" class=\"img-fluid colorbox-42\" alt=\"En train\"><\/a>\n\t\t<\/p>\n<p>\n\t\t\t<a href=\"https:\/\/navi.city.chichibu.lg.jp\/travel\/wp-content\/themes\/cmtg\/images\/access\/fr_map_train.jpg\" target=\"_blank\"><img decoding=\"async\" src=\"https:\/\/navi.city.chichibu.lg.jp\/travel\/wp-content\/themes\/cmtg\/images\/access\/fr_map_train.jpg\" class=\"img-fluid colorbox-42\" alt=\"En train\"><\/a>\n\t\t<\/p>\n<h4 class=\"cap-bdrleft m-t-2\">Ligne Seibu Ikebukuro<\/h4>\n<p>\n\t\t\tLigne Seibu Ikebukuro (Limited Express) d'Ikebukuro \u00e0 Seibu-Chichibu (environ 80 min)<br \/>\n\t\t\tDepuis la gare d'Ikebukuro, la ligne Red Arrow Limited Express \"\"Chichibu\"\" est tr\u00e8s pratique. Toutes les places sont sur r\u00e9servation.\n\t\t<\/p>\n<ul class=\"list-disc\">\n<li><a href=\"https:\/\/www.seiburailway.jp\/\" target=\"_blank\">Site Web de Seibu Railway<\/a><\/li>\n<li><a href=\"https:\/\/www.seiburailway.jp\/express\/redarrow\/\" target=\"_blank\">Site Web de la ligne Red Arrow Limited Express de Seibu Railway<\/a><\/li>\n<\/ul>\n<h4 class=\"cap-bdrleft m-t-2\">Lignes Tobu Tojo et Chichibu Railway<\/h4>\n<p>\n\t\t\tLigne Tobu Tojo d'Ikebukuro \u00e0 Yorii (environ 80 min)<br \/>\n\t\t\tChangement pour la ligne Chichibu Railway (environ 40 min)\n\t\t<\/p>\n<h4 class=\"cap-bdrleft m-t-2\">Lignes JR Takasaki et Chichibu Railway<\/h4>\n<p>\n\t\t\tLigne Takasaki d'Ueno \u00e0 Kumagaya (environ 60 min)<br \/>\n\t\t\tChangement pour la ligne Chichibu Railway (environ 70 min)\n\t\t<\/p>\n<ul class=\"list-disc\">\n<li><a href=\"http:\/\/www.chichibu-railway.co.jp\/\" target=\"_blank\">Site Web de Chichibu Railway<\/a><\/li>\n<\/ul>\n<h4 class=\"cap-bdrleft m-t-2\">Ligne SL Paleo Express<\/h4>\n<p>\n\t\t\tDessert les gares de : Kumagaya, Takekawa, Yorii, Nagatoro, Minano, Chichibu, Ohanabatake et Mitsumineguchi\n\t\t<\/p>\n<p>\t\t<a href=\"http:\/\/www.chichibu-railway.co.jp\/slpaleo\/\" target=\"_blank\">Site Web de la ligne SL Paleo Express de Chichibu Railway<\/a>\n\t<\/div>\n<\/section>\n<section class=\"box-section\">\n<h3 class=\"cap-subhead\">En voiture<\/h3>\n<div class=\"container-fluid\">\n<p class=\"text-center\">\n\t\t\t<a href=\"https:\/\/navi.city.chichibu.lg.jp\/travel\/wp-content\/themes\/cmtg\/images\/access\/fr_img_car.jpg\" target=\"_blank\"><img decoding=\"async\" src=\"https:\/\/navi.city.chichibu.lg.jp\/travel\/wp-content\/themes\/cmtg\/images\/access\/fr_img_car.jpg\" class=\"img-fluid colorbox-42\" alt=\"En voiture\"><\/a>\n\t\t<\/p>\n<p>\n\t\t\t<a href=\"https:\/\/navi.city.chichibu.lg.jp\/travel\/wp-content\/themes\/cmtg\/images\/access\/fr_map_car.jpg\" target=\"_blank\"><img decoding=\"async\" src=\"https:\/\/navi.city.chichibu.lg.jp\/travel\/wp-content\/themes\/cmtg\/images\/access\/fr_map_car.jpg\" class=\"img-fluid colorbox-42\" alt=\"En voiture\"><\/a>\n\t\t<\/p>\n<h4 class=\"cap-bdrleft m-t-2\">Voie express Kan-Etsu Expressway<\/h4>\n<p>\n\t\t\tDepuis l'\u00e9changeur Hanazono IC, prendre la route nationale no 140 en direction de Chichibu.<br \/>\n\t\t\tEnviron 50 min de l'\u00e9changeur Hanazono IC \u00e0 la ville de Chichibu, et environ 30 min jusqu'\u00e0 Nagatoro.\n\t\t<\/p>\n<h4 class=\"cap-bdrleft m-t-2\">Voie express Ken-O Expressway<\/h4>\n<p>\n\t\t\tDepuis l'\u00e9changeur Sayama Hidaka IC, prendre la route nationale no 299 en direction de Chichibu.<br \/>\n\t\t\tEnviron 65 min de l'\u00e9changeur Sayama Hidaka IC \u00e0 la ville de Chichibu, et environ 90 min jusqu'\u00e0 Nagatoro.\n\t\t<\/p>\n<\/p><\/div>\n<\/section>\n<section class=\"box-section\">\n<h3 class=\"cap-subhead\">Autres moyens de transport<\/h3>\n<div class=\"container-fluid\">\n\t\tLocation de bicyclettes, taxi, bus<br \/>\n\t\tConsulter le centre d'information\n\t<\/div>\n<\/section>\n<p><\/p>","protected":false},"excerpt":{"rendered":"<p>En train Ligne Seibu Ikebukuro Ligne Seibu Ikebukuro (Limited Express) d'Ikebukuro \u00e0 Seibu-Chichibu (environ 8 [&hellip;]<\/p>\n","protected":false},"author":2,"featured_media":0,"parent":0,"menu_order":0,"comment_status":"closed","ping_status":"closed","template":"","meta":{"footnotes":""},"class_list":["post-42","page","type-page","status-publish","hentry"],"_links":{"self":[{"href":"https:\/\/navi.city.chichibu.lg.jp\/travel\/fr\/wp-json\/wp\/v2\/pages\/42"}],"collection":[{"href":"https:\/\/navi.city.chichibu.lg.jp\/travel\/fr\/wp-json\/wp\/v2\/pages"}],"about":[{"href":"https:\/\/navi.city.chichibu.lg.jp\/travel\/fr\/wp-json\/wp\/v2\/types\/page"}],"author":[{"embeddable":true,"href":"https:\/\/navi.city.chichibu.lg.jp\/travel\/fr\/wp-json\/wp\/v2\/users\/2"}],"replies":[{"embeddable":true,"href":"https:\/\/navi.city.chichibu.lg.jp\/travel\/fr\/wp-json\/wp\/v2\/comments?post=42"}],"version-history":[{"count":4,"href":"https:\/\/navi.city.chichibu.lg.jp\/travel\/fr\/wp-json\/wp\/v2\/pages\/42\/revisions"}],"predecessor-version":[{"id":820,"href":"https:\/\/navi.city.chichibu.lg.jp\/travel\/fr\/wp-json\/wp\/v2\/pages\/42\/revisions\/820"}],"wp:attachment":[{"href":"https:\/\/navi.city.chichibu.lg.jp\/travel\/fr\/wp-json\/wp\/v2\/media?parent=42"}],"curies":[{"name":"wp","href":"https:\/\/api.w.org\/{rel}","templated":true}]}}