{"id":40,"date":"2018-01-16T13:55:23","date_gmt":"2018-01-16T04:55:23","guid":{"rendered":"https:\/\/navi.city.chichibu.lg.jp\/travel\/?page_id=40"},"modified":"2018-10-02T16:47:51","modified_gmt":"2018-10-02T07:47:51","slug":"about","status":"publish","type":"page","link":"https:\/\/navi.city.chichibu.lg.jp\/travel\/fr\/about\/","title":{"rendered":"A propos de Chichibu"},"content":{"rendered":"<p><\/p>\n<section class=\"box-section\">\n<h3 class=\"cap-subhead\">Qu'est-ce que \"Chichibu\" ?<\/h3>\n<div class=\"container-fluid\">\n<p>\"\"Chichibu\"\" est une petite cuvette situ\u00e9e dans la partie ouest de la pr\u00e9fecture de Saitama. Chichibu est tr\u00e8s r\u00e9put\u00e9 pour ses nombreux vestiges culturels et historiques de premi\u00e8re importance, tels que des sites arch\u00e9ologiques remontant au pal\u00e9olithique et \u00e0 l'\u00e9poque Sengoku (1467-1568), des s\u00e9pultures antiques kofun, des vestiges li\u00e9s \u00e0 la d\u00e9couverte et l'exploitation de gisements de cuivre dans la r\u00e9gion, la voie historique Chichibu-okan, la r\u00e9volte paysanne de 1884 connue sous le nom d'incident de Chichibu, le p\u00e8lerinage de Chichibu et le festival nocturne Chichibu Yomatsuri.<\/p>\n<p>Destination idyllique pour les citadins, Chichibu attire de nombreux visiteurs venant y admirer la splendeur du passage des saisons.<\/p>\n<\/p><\/div>\n<\/section>\n<section class=\"box-section\">\n<h3 class=\"cap-subhead\">Offices de tourisme<\/h3>\n<div class=\"container-fluid\">\n<div class=\"table-box\">\n<dl>\n<dt>Sainokuni Furusato Chichibu Tourist Center<\/dt>\n<dd>T\u00e9l.:<a class=\"calling-tel\">0494-21-2277<\/a><\/dd>\n<\/dl>\n<dl>\n<dt>Michi no Eki Minano<\/dt>\n<dd>\n\t\t\t\t\t3236-35, Oaza Minano, Minano-machi, Chichibu-gun<br \/>\n\t\t\t\t\tT\u00e9l.:<a class=\"calling-tel\">0494-62-3501<\/a>\n\t\t\t\t<\/dd>\n<\/dl>\n<dl>\n<dt>Nagatoro Tourist Center<\/dt>\n<dd>\n\t\t\t\t\t529-1, Nagatoro, Nagatoro-machi, Chichibu-gun<br \/>\n\t\t\t\t\tT\u00e9l.:<a class=\"calling-tel\">0494-66-3311<\/a>\n\t\t\t\t<\/dd>\n<\/dl>\n<dl>\n<dt>Ogano Town Tourism &amp; Interaction Hall<\/dt>\n<dd>314, Ogano, Ogano-machi, Chichibu-gun<\/dd>\n<\/dl>\n<dl>\n<dt>Yokoze Bukosan Tourist Center<\/dt>\n<dd>\n\t\t\t\t\t159, Oaza Ashigakubo, Yokoze-machi, Chichibu-gun<br \/>\n\t\t\t\t\tT\u00e9l.:<a class=\"calling-tel\">0494-25-0450<\/a>\n\t\t\t\t<\/dd>\n<\/dl><\/div>\n<h4 class=\"m-t-3 cap-bdrbtm\">Les offices de tourisme de la r\u00e9gion de Chichibu proposent les services suivants :<\/h4>\n<ul class=\"list-decimal\">\n<li>Informations relatives au tourisme<\/li>\n<li>Informations relatives aux manifestations culturelles<\/li>\n<li>Informations relatives aux transports (bus, taxi, location de bicyclette, etc.)<\/li>\n<li>Mise \u00e0 disposition de brochures touristiques<\/li>\n<li>Bornes Wi-Fi<\/li>\n<li>Informations relatives \u00e0 l'h\u00e9bergement<\/li>\n<li>Informations relatives \u00e0 la restauration et au shopping<\/li>\n<\/ul>\n<div class=\"box-b\">\n<h5 class=\"cap-bdrleft\">Chichibu Visitor's Guide<\/h5>\n<p>\n\t\t\t\t<a href=\"https:\/\/navi.city.chichibu.lg.jp\/inquiry\/\" target=\"_blank\" class=\"icon-export\">https:\/\/navi.city.chichibu.lg.jp\/inquiry\/<\/a><br \/>\n\t\t\t\tChichibu Tourist Information Center 2F, 1-16-15, Nosaka-machi, Chichibu-shi, Saitama-ken 368-0033\n\t\t\t<\/p>\n<\/p><\/div>\n<\/p><\/div>\n<\/section>\n<p><\/p>","protected":false},"excerpt":{"rendered":"<p>Qu'est-ce que \"Chichibu\" ? \"\"Chichibu\"\" est une petite cuvette situ\u00e9e dans la partie ouest de la pr\u00e9fecture de [&hellip;]<\/p>\n","protected":false},"author":2,"featured_media":0,"parent":0,"menu_order":0,"comment_status":"closed","ping_status":"closed","template":"","meta":{"footnotes":""},"class_list":["post-40","page","type-page","status-publish","hentry"],"_links":{"self":[{"href":"https:\/\/navi.city.chichibu.lg.jp\/travel\/fr\/wp-json\/wp\/v2\/pages\/40"}],"collection":[{"href":"https:\/\/navi.city.chichibu.lg.jp\/travel\/fr\/wp-json\/wp\/v2\/pages"}],"about":[{"href":"https:\/\/navi.city.chichibu.lg.jp\/travel\/fr\/wp-json\/wp\/v2\/types\/page"}],"author":[{"embeddable":true,"href":"https:\/\/navi.city.chichibu.lg.jp\/travel\/fr\/wp-json\/wp\/v2\/users\/2"}],"replies":[{"embeddable":true,"href":"https:\/\/navi.city.chichibu.lg.jp\/travel\/fr\/wp-json\/wp\/v2\/comments?post=40"}],"version-history":[{"count":5,"href":"https:\/\/navi.city.chichibu.lg.jp\/travel\/fr\/wp-json\/wp\/v2\/pages\/40\/revisions"}],"predecessor-version":[{"id":910,"href":"https:\/\/navi.city.chichibu.lg.jp\/travel\/fr\/wp-json\/wp\/v2\/pages\/40\/revisions\/910"}],"wp:attachment":[{"href":"https:\/\/navi.city.chichibu.lg.jp\/travel\/fr\/wp-json\/wp\/v2\/media?parent=40"}],"curies":[{"name":"wp","href":"https:\/\/api.w.org\/{rel}","templated":true}]}}